

{"id":783,"date":"2025-05-13T13:53:01","date_gmt":"2025-05-13T12:53:01","guid":{"rendered":"https:\/\/www.deco-pas-plus.tn\/product\/\/"},"modified":"2025-05-13T13:53:01","modified_gmt":"2025-05-13T12:53:01","slug":"coin-cadeaux-et-photo-simple","status":"publish","type":"product","link":"https:\/\/www.deco-pas-plus.tn\/ar\/product\/coin-cadeaux-et-photo-simple\/","title":{"rendered":"Coin cadeaux et photo simple"},"content":{"rendered":"<p>Cr\u00e9ez un espace chaleureux et fonctionnel avec un coin d\u00e9di\u00e9 aux cadeaux et aux photos. Ce coin simple mais soign\u00e9 permet \u00e0 vos invit\u00e9s de d\u00e9poser leurs pr\u00e9sents tout en immortalisant leur passage avec une photo souvenir. Agr\u00e9ment\u00e9 d\u2019une d\u00e9coration l\u00e9g\u00e8re et \u00e9l\u00e9gante, il s\u2019int\u00e8gre parfaitement \u00e0 tout type d\u2019\u00e9v\u00e9nement : anniversaires, bapt\u00eames, fian\u00e7ailles ou f\u00eates d\u2019entreprise. Une solution pratique et esth\u00e9tique pour centraliser les moments d\u2019\u00e9change et de souvenirs.<\/p>\n","protected":false},"excerpt":{"rendered":"<ul>\n<li>Coin d\u00e9di\u00e9 aux cadeaux et aux photos<\/li>\n<li>D\u00e9coration simple et \u00e9l\u00e9gante<\/li>\n<li>Adapt\u00e9 \u00e0 tous types d\u2019\u00e9v\u00e9nements<\/li>\n<li>Espace souvenir pour invit\u00e9s<\/li>\n<li>Id\u00e9al pour photos spontan\u00e9es et d\u00e9p\u00f4t de pr\u00e9sents<\/li>\n<li>Int\u00e9gration facile \u00e0 votre d\u00e9coration g\u00e9n\u00e9rale<\/li>\n<\/ul>\n","protected":false},"featured_media":784,"comment_status":"open","ping_status":"closed","template":"","meta":[],"product_brand":[],"product_cat":[15],"product_tag":[],"class_list":{"0":"post-783","1":"product","2":"type-product","3":"status-publish","4":"has-post-thumbnail","6":"product_cat-vente","8":"first","9":"instock","10":"shipping-taxable","11":"purchasable","12":"product-type-simple"},"yoast_head":"<!-- This site is optimized with the Yoast SEO plugin v24.3 - https:\/\/yoast.com\/wordpress\/plugins\/seo\/ -->\n<title>Coin cadeaux et photo simple - D\u00e9co pas plus<\/title>\n<meta name=\"description\" content=\"Cr\u00e9ez un coin cadeaux et photo simple pour vos \u00e9v\u00e9nements, avec d\u00e9co \u00e9l\u00e9gante, espace souvenirs et prises de vue pour des moments inoubliables.\" \/>\n<meta name=\"robots\" content=\"index, follow, max-snippet:-1, max-image-preview:large, max-video-preview:-1\" \/>\n<link rel=\"canonical\" href=\"https:\/\/www.deco-pas-plus.tn\/ar\/product\/coin-cadeaux-et-photo-simple\/\" \/>\n<meta property=\"og:locale\" content=\"ar_AR\" \/>\n<meta property=\"og:type\" content=\"article\" \/>\n<meta property=\"og:title\" content=\"Coin cadeaux et photo simple - D\u00e9co pas plus\" \/>\n<meta property=\"og:description\" content=\"Cr\u00e9ez un coin cadeaux et photo simple pour vos \u00e9v\u00e9nements, avec d\u00e9co \u00e9l\u00e9gante, espace souvenirs et prises de vue pour des moments inoubliables.\" \/>\n<meta property=\"og:url\" content=\"https:\/\/www.deco-pas-plus.tn\/ar\/product\/coin-cadeaux-et-photo-simple\/\" \/>\n<meta property=\"og:site_name\" content=\"D\u00e9co pas plus\" \/>\n<meta property=\"article:publisher\" content=\"https:\/\/www.facebook.com\/profile.php?id=100057377293376\" \/>\n<meta property=\"og:image\" content=\"https:\/\/www.deco-pas-plus.tn\/wp-content\/uploads\/2025\/05\/AK21043510-14-19.webp\" \/>\n\t<meta property=\"og:image:width\" content=\"1024\" \/>\n\t<meta property=\"og:image:height\" content=\"683\" \/>\n\t<meta property=\"og:image:type\" content=\"image\/webp\" \/>\n<meta name=\"twitter:card\" content=\"summary_large_image\" \/>\n<meta name=\"twitter:label1\" content=\"\u0648\u0642\u062a \u0627\u0644\u0642\u0631\u0627\u0621\u0629 \u0627\u0644\u0645\u064f\u0642\u062f\u0651\u0631\" \/>\n\t<meta name=\"twitter:data1\" content=\"\u062f\u0642\u064a\u0642\u0629 \u0648\u0627\u062d\u062f\u0629\" \/>\n<script type=\"application\/ld+json\" class=\"yoast-schema-graph\">{\"@context\":\"https:\/\/schema.org\",\"@graph\":[{\"@type\":\"WebPage\",\"@id\":\"https:\/\/www.deco-pas-plus.tn\/ar\/ar\/product\/coin-cadeaux-et-photo-simple\/\",\"url\":\"https:\/\/www.deco-pas-plus.tn\/ar\/ar\/product\/coin-cadeaux-et-photo-simple\/\",\"name\":\"Coin cadeaux et photo simple - D\u00e9co pas plus\",\"isPartOf\":{\"@id\":\"https:\/\/www.deco-pas-plus.tn\/#website\"},\"primaryImageOfPage\":{\"@id\":\"https:\/\/www.deco-pas-plus.tn\/ar\/product\/coin-cadeaux-et-photo-simple\/#primaryimage\"},\"image\":{\"@id\":\"https:\/\/www.deco-pas-plus.tn\/ar\/product\/coin-cadeaux-et-photo-simple\/#primaryimage\"},\"thumbnailUrl\":\"https:\/\/www.deco-pas-plus.tn\/wp-content\/uploads\/2025\/05\/AK21043510-14-19.webp\",\"datePublished\":\"2025-05-13T12:53:01+00:00\",\"dateModified\":\"2025-05-13T12:53:01+00:00\",\"description\":\"Cr\u00e9ez un coin cadeaux et photo simple pour vos \u00e9v\u00e9nements, avec d\u00e9co \u00e9l\u00e9gante, espace souvenirs et prises de vue pour des moments inoubliables.\",\"breadcrumb\":{\"@id\":\"https:\/\/www.deco-pas-plus.tn\/ar\/product\/coin-cadeaux-et-photo-simple\/#breadcrumb\"},\"inLanguage\":\"ar\",\"potentialAction\":[{\"@type\":\"ReadAction\",\"target\":[\"https:\/\/www.deco-pas-plus.tn\/ar\/product\/coin-cadeaux-et-photo-simple\/\"]}]},{\"@type\":\"ImageObject\",\"inLanguage\":\"ar\",\"@id\":\"https:\/\/www.deco-pas-plus.tn\/ar\/product\/coin-cadeaux-et-photo-simple\/#primaryimage\",\"url\":\"https:\/\/www.deco-pas-plus.tn\/wp-content\/uploads\/2025\/05\/AK21043510-14-19.webp\",\"contentUrl\":\"https:\/\/www.deco-pas-plus.tn\/wp-content\/uploads\/2025\/05\/AK21043510-14-19.webp\",\"width\":1024,\"height\":683},{\"@type\":\"BreadcrumbList\",\"@id\":\"https:\/\/www.deco-pas-plus.tn\/ar\/product\/coin-cadeaux-et-photo-simple\/#breadcrumb\",\"itemListElement\":[{\"@type\":\"ListItem\",\"position\":1,\"name\":\"Home\",\"item\":\"https:\/\/www.deco-pas-plus.tn\/\"},{\"@type\":\"ListItem\",\"position\":2,\"name\":\"Shop\",\"item\":\"https:\/\/www.deco-pas-plus.tn\/shop\/\"},{\"@type\":\"ListItem\",\"position\":3,\"name\":\"Coin cadeaux et photo simple\"}]},{\"@type\":\"WebSite\",\"@id\":\"https:\/\/www.deco-pas-plus.tn\/ar\/#website\",\"url\":\"https:\/\/www.deco-pas-plus.tn\/ar\/\",\"name\":\"D\u00e9co pas plus\",\"description\":\"Organisation des \u00e9venements et vente des produits de d\u00e9coration\",\"publisher\":{\"@id\":\"https:\/\/www.deco-pas-plus.tn\/ar\/#organization\"},\"alternateName\":\"decoration\",\"potentialAction\":[{\"@type\":\"SearchAction\",\"target\":{\"@type\":\"EntryPoint\",\"urlTemplate\":\"https:\/\/www.deco-pas-plus.tn\/ar\/?s={search_term_string}\"},\"query-input\":{\"@type\":\"PropertyValueSpecification\",\"valueRequired\":true,\"valueName\":\"search_term_string\"}}],\"inLanguage\":\"ar\"},{\"@type\":\"Organization\",\"@id\":\"https:\/\/www.deco-pas-plus.tn\/ar\/#organization\",\"name\":\"D\u00e9co pas plus\",\"alternateName\":\"D\u00e9coPasPlus\",\"url\":\"https:\/\/www.deco-pas-plus.tn\/ar\/\",\"logo\":{\"@type\":\"ImageObject\",\"inLanguage\":\"ar\",\"@id\":\"https:\/\/www.deco-pas-plus.tn\/ar\/#\/schema\/logo\/image\/\",\"url\":\"https:\/\/www.deco-pas-plus.tn\/wp-content\/uploads\/2025\/03\/logo.png\",\"contentUrl\":\"https:\/\/www.deco-pas-plus.tn\/wp-content\/uploads\/2025\/03\/logo.png\",\"width\":1600,\"height\":719,\"caption\":\"D\u00e9co pas plus\"},\"image\":{\"@id\":\"https:\/\/www.deco-pas-plus.tn\/ar\/#\/schema\/logo\/image\/\"},\"sameAs\":[\"https:\/\/www.facebook.com\/profile.php?id=100057377293376\"]}]}<\/script>\n<!-- \/ Yoast SEO plugin. -->","yoast_head_json":{"title":"Coin cadeaux et photo simple - D\u00e9co pas plus","description":"Cr\u00e9ez un coin cadeaux et photo simple pour vos \u00e9v\u00e9nements, avec d\u00e9co \u00e9l\u00e9gante, espace souvenirs et prises de vue pour des moments inoubliables.","robots":{"index":"index","follow":"follow","max-snippet":"max-snippet:-1","max-image-preview":"max-image-preview:large","max-video-preview":"max-video-preview:-1"},"canonical":"https:\/\/www.deco-pas-plus.tn\/ar\/product\/coin-cadeaux-et-photo-simple\/","og_locale":"ar_AR","og_type":"article","og_title":"Coin cadeaux et photo simple - D\u00e9co pas plus","og_description":"Cr\u00e9ez un coin cadeaux et photo simple pour vos \u00e9v\u00e9nements, avec d\u00e9co \u00e9l\u00e9gante, espace souvenirs et prises de vue pour des moments inoubliables.","og_url":"https:\/\/www.deco-pas-plus.tn\/ar\/product\/coin-cadeaux-et-photo-simple\/","og_site_name":"D\u00e9co pas plus","article_publisher":"https:\/\/www.facebook.com\/profile.php?id=100057377293376","og_image":[{"width":1024,"height":683,"url":"https:\/\/www.deco-pas-plus.tn\/wp-content\/uploads\/2025\/05\/AK21043510-14-19.webp","type":"image\/webp"}],"twitter_card":"summary_large_image","twitter_misc":{"\u0648\u0642\u062a \u0627\u0644\u0642\u0631\u0627\u0621\u0629 \u0627\u0644\u0645\u064f\u0642\u062f\u0651\u0631":"\u062f\u0642\u064a\u0642\u0629 \u0648\u0627\u062d\u062f\u0629"},"schema":{"@context":"https:\/\/schema.org","@graph":[{"@type":"WebPage","@id":"https:\/\/www.deco-pas-plus.tn\/ar\/ar\/product\/coin-cadeaux-et-photo-simple\/","url":"https:\/\/www.deco-pas-plus.tn\/ar\/ar\/product\/coin-cadeaux-et-photo-simple\/","name":"Coin cadeaux et photo simple - D\u00e9co pas plus","isPartOf":{"@id":"https:\/\/www.deco-pas-plus.tn\/#website"},"primaryImageOfPage":{"@id":"https:\/\/www.deco-pas-plus.tn\/ar\/product\/coin-cadeaux-et-photo-simple\/#primaryimage"},"image":{"@id":"https:\/\/www.deco-pas-plus.tn\/ar\/product\/coin-cadeaux-et-photo-simple\/#primaryimage"},"thumbnailUrl":"https:\/\/www.deco-pas-plus.tn\/wp-content\/uploads\/2025\/05\/AK21043510-14-19.webp","datePublished":"2025-05-13T12:53:01+00:00","dateModified":"2025-05-13T12:53:01+00:00","description":"Cr\u00e9ez un coin cadeaux et photo simple pour vos \u00e9v\u00e9nements, avec d\u00e9co \u00e9l\u00e9gante, espace souvenirs et prises de vue pour des moments inoubliables.","breadcrumb":{"@id":"https:\/\/www.deco-pas-plus.tn\/ar\/product\/coin-cadeaux-et-photo-simple\/#breadcrumb"},"inLanguage":"ar","potentialAction":[{"@type":"ReadAction","target":["https:\/\/www.deco-pas-plus.tn\/ar\/product\/coin-cadeaux-et-photo-simple\/"]}]},{"@type":"ImageObject","inLanguage":"ar","@id":"https:\/\/www.deco-pas-plus.tn\/ar\/product\/coin-cadeaux-et-photo-simple\/#primaryimage","url":"https:\/\/www.deco-pas-plus.tn\/wp-content\/uploads\/2025\/05\/AK21043510-14-19.webp","contentUrl":"https:\/\/www.deco-pas-plus.tn\/wp-content\/uploads\/2025\/05\/AK21043510-14-19.webp","width":1024,"height":683},{"@type":"BreadcrumbList","@id":"https:\/\/www.deco-pas-plus.tn\/ar\/product\/coin-cadeaux-et-photo-simple\/#breadcrumb","itemListElement":[{"@type":"ListItem","position":1,"name":"Home","item":"https:\/\/www.deco-pas-plus.tn\/"},{"@type":"ListItem","position":2,"name":"Shop","item":"https:\/\/www.deco-pas-plus.tn\/shop\/"},{"@type":"ListItem","position":3,"name":"Coin cadeaux et photo simple"}]},{"@type":"WebSite","@id":"https:\/\/www.deco-pas-plus.tn\/ar\/#website","url":"https:\/\/www.deco-pas-plus.tn\/ar\/","name":"D\u00e9co pas plus","description":"Organisation des \u00e9venements et vente des produits de d\u00e9coration","publisher":{"@id":"https:\/\/www.deco-pas-plus.tn\/ar\/#organization"},"alternateName":"decoration","potentialAction":[{"@type":"SearchAction","target":{"@type":"EntryPoint","urlTemplate":"https:\/\/www.deco-pas-plus.tn\/ar\/?s={search_term_string}"},"query-input":{"@type":"PropertyValueSpecification","valueRequired":true,"valueName":"search_term_string"}}],"inLanguage":"ar"},{"@type":"Organization","@id":"https:\/\/www.deco-pas-plus.tn\/ar\/#organization","name":"D\u00e9co pas plus","alternateName":"D\u00e9coPasPlus","url":"https:\/\/www.deco-pas-plus.tn\/ar\/","logo":{"@type":"ImageObject","inLanguage":"ar","@id":"https:\/\/www.deco-pas-plus.tn\/ar\/#\/schema\/logo\/image\/","url":"https:\/\/www.deco-pas-plus.tn\/wp-content\/uploads\/2025\/03\/logo.png","contentUrl":"https:\/\/www.deco-pas-plus.tn\/wp-content\/uploads\/2025\/03\/logo.png","width":1600,"height":719,"caption":"D\u00e9co pas plus"},"image":{"@id":"https:\/\/www.deco-pas-plus.tn\/ar\/#\/schema\/logo\/image\/"},"sameAs":["https:\/\/www.facebook.com\/profile.php?id=100057377293376"]}]}},"_links":{"self":[{"href":"https:\/\/www.deco-pas-plus.tn\/ar\/wp-json\/wp\/v2\/product\/783","targetHints":{"allow":["GET"]}}],"collection":[{"href":"https:\/\/www.deco-pas-plus.tn\/ar\/wp-json\/wp\/v2\/product"}],"about":[{"href":"https:\/\/www.deco-pas-plus.tn\/ar\/wp-json\/wp\/v2\/types\/product"}],"replies":[{"embeddable":true,"href":"https:\/\/www.deco-pas-plus.tn\/ar\/wp-json\/wp\/v2\/comments?post=783"}],"wp:featuredmedia":[{"embeddable":true,"href":"https:\/\/www.deco-pas-plus.tn\/ar\/wp-json\/wp\/v2\/media\/784"}],"wp:attachment":[{"href":"https:\/\/www.deco-pas-plus.tn\/ar\/wp-json\/wp\/v2\/media?parent=783"}],"wp:term":[{"taxonomy":"product_brand","embeddable":true,"href":"https:\/\/www.deco-pas-plus.tn\/ar\/wp-json\/wp\/v2\/product_brand?post=783"},{"taxonomy":"product_cat","embeddable":true,"href":"https:\/\/www.deco-pas-plus.tn\/ar\/wp-json\/wp\/v2\/product_cat?post=783"},{"taxonomy":"product_tag","embeddable":true,"href":"https:\/\/www.deco-pas-plus.tn\/ar\/wp-json\/wp\/v2\/product_tag?post=783"}],"curies":[{"name":"wp","href":"https:\/\/api.w.org\/{rel}","templated":true}]}}